{"id":77,"date":"2016-09-09T13:32:51","date_gmt":"2016-09-09T13:32:51","guid":{"rendered":"http:\/\/augenaerzte-baum-clausen.de\/?page_id=77"},"modified":"2020-05-31T16:12:45","modified_gmt":"2020-05-31T16:12:45","slug":"behandlungen","status":"publish","type":"page","link":"https:\/\/augenaerzte-baum-clausen.de\/?page_id=77","title":{"rendered":"Behandlungen"},"content":{"rendered":"<section class=\"grid-6\">\n<h4 class=\"bold upper\">Allgemeine Sprechstunde<\/h4>\n<h4><\/h4>\n<ul>\n<li>Diagnostik und Therapie von Fehlsichtigkeiten<\/li>\n<li>Anpassung von Brillen und Kontaktlinsen<\/li>\n<li>Diabetesuntersuchung<\/li>\n<li>computergest\u00fctzte Gesichtsfelduntersuchung<\/li>\n<li>D\u00e4mmerungs- und Nachtsehen<\/li>\n<li>Farbunterscheidungsverm\u00f6gen (Anomaloskop)<\/li>\n<li>F\u00fchrerscheingutachten aller Klassen<\/li>\n<li>Untersuchung der Tr\u00e4nenwege<\/li>\n<\/ul>\n<h3><\/h3>\n<h3><img loading=\"lazy\" decoding=\"async\" class=\"alignnone wp-image-245 size-large\" src=\"http:\/\/augenaerzte-baum-clausen.de\/wp-content\/uploads\/2016\/09\/ADS_8054_web-1024x626.jpg\" alt=\"ads_8054_web\" width=\"1024\" height=\"626\" srcset=\"https:\/\/augenaerzte-baum-clausen.de\/wp-content\/uploads\/2016\/09\/ADS_8054_web-1024x626.jpg 1024w, https:\/\/augenaerzte-baum-clausen.de\/wp-content\/uploads\/2016\/09\/ADS_8054_web-300x184.jpg 300w, https:\/\/augenaerzte-baum-clausen.de\/wp-content\/uploads\/2016\/09\/ADS_8054_web-768x470.jpg 768w, https:\/\/augenaerzte-baum-clausen.de\/wp-content\/uploads\/2016\/09\/ADS_8054_web-1440x881.jpg 1440w\" sizes=\"auto, (max-width: 1024px) 100vw, 1024px\" \/><\/h3>\n<\/section>\n<h4 class=\"bold upper\">Kinderophthalmologie<\/h4>\n<h4><\/h4>\n<ul>\n<li>Sehschule mit erfahrener Orthoptistin<\/li>\n<li>Erkennung und Behandlung fr\u00fchkindlicher und kindlicher Sehfehler und Schielformen<\/li>\n<li>Kontaktlinsenanpassung bei Kindern<\/li>\n<li>Sprechstunde vorrangig Dienstag und Mittwoch Nachmittag<\/li>\n<\/ul>\n<h4>\u00a0<img loading=\"lazy\" decoding=\"async\" class=\"alignnone wp-image-248 size-large\" src=\"http:\/\/augenaerzte-baum-clausen.de\/wp-content\/uploads\/2016\/09\/ADS_8204_web-1024x682.jpg\" alt=\"ads_8204_web\" width=\"1024\" height=\"682\" srcset=\"https:\/\/augenaerzte-baum-clausen.de\/wp-content\/uploads\/2016\/09\/ADS_8204_web-1024x682.jpg 1024w, https:\/\/augenaerzte-baum-clausen.de\/wp-content\/uploads\/2016\/09\/ADS_8204_web-300x200.jpg 300w, https:\/\/augenaerzte-baum-clausen.de\/wp-content\/uploads\/2016\/09\/ADS_8204_web-768x511.jpg 768w, https:\/\/augenaerzte-baum-clausen.de\/wp-content\/uploads\/2016\/09\/ADS_8204_web-1440x958.jpg 1440w\" sizes=\"auto, (max-width: 1024px) 100vw, 1024px\" \/><\/h4>\n<h4 class=\"bold upper\">Spezialuntersuchungen<\/h4>\n<p>&nbsp;<\/p>\n<ul>\n<li>Optische Koh\u00e4renztomographie (OCT) bei Glaukom und Makulaerkrankungen<\/li>\n<li>Vorderabschnittsfotografie<\/li>\n<li>Hornhauttopografie<\/li>\n<\/ul>\n<h2 class=\"bold upper\"><\/h2>\n","protected":false},"excerpt":{"rendered":"<p>Allgemeine Sprechstunde Diagnostik und Therapie von Fehlsichtigkeiten Anpassung von Brillen und Kontaktlinsen Diabetesuntersuchung computergest\u00fctzte Gesichtsfelduntersuchung D\u00e4mmerungs- und Nachtsehen Farbunterscheidungsverm\u00f6gen (Anomaloskop) F\u00fchrerscheingutachten aller Klassen Untersuchung der Tr\u00e4nenwege Kinderophthalmologie Sehschule mit erfahrener Orthoptistin Erkennung und Behandlung fr\u00fchkindlicher und kindlicher Sehfehler und Schielformen Kontaktlinsenanpassung bei Kindern Sprechstunde vorrangig Dienstag und Mittwoch Nachmittag \u00a0 &hellip;<\/p>\n","protected":false},"author":1,"featured_media":263,"parent":0,"menu_order":0,"comment_status":"closed","ping_status":"closed","template":"","meta":{"footnotes":""},"class_list":["post-77","page","type-page","status-publish","has-post-thumbnail","hentry"],"_links":{"self":[{"href":"https:\/\/augenaerzte-baum-clausen.de\/index.php?rest_route=\/wp\/v2\/pages\/77","targetHints":{"allow":["GET"]}}],"collection":[{"href":"https:\/\/augenaerzte-baum-clausen.de\/index.php?rest_route=\/wp\/v2\/pages"}],"about":[{"href":"https:\/\/augenaerzte-baum-clausen.de\/index.php?rest_route=\/wp\/v2\/types\/page"}],"author":[{"embeddable":true,"href":"https:\/\/augenaerzte-baum-clausen.de\/index.php?rest_route=\/wp\/v2\/users\/1"}],"replies":[{"embeddable":true,"href":"https:\/\/augenaerzte-baum-clausen.de\/index.php?rest_route=%2Fwp%2Fv2%2Fcomments&post=77"}],"version-history":[{"count":37,"href":"https:\/\/augenaerzte-baum-clausen.de\/index.php?rest_route=\/wp\/v2\/pages\/77\/revisions"}],"predecessor-version":[{"id":309,"href":"https:\/\/augenaerzte-baum-clausen.de\/index.php?rest_route=\/wp\/v2\/pages\/77\/revisions\/309"}],"wp:featuredmedia":[{"embeddable":true,"href":"https:\/\/augenaerzte-baum-clausen.de\/index.php?rest_route=\/wp\/v2\/media\/263"}],"wp:attachment":[{"href":"https:\/\/augenaerzte-baum-clausen.de\/index.php?rest_route=%2Fwp%2Fv2%2Fmedia&parent=77"}],"curies":[{"name":"wp","href":"https:\/\/api.w.org\/{rel}","templated":true}]}}