{"id":71,"date":"2016-09-09T13:29:07","date_gmt":"2016-09-09T13:29:07","guid":{"rendered":"http:\/\/augenaerzte-baum-clausen.de\/?page_id=71"},"modified":"2016-10-28T20:36:01","modified_gmt":"2016-10-28T20:36:01","slug":"anfahrt","status":"publish","type":"page","link":"https:\/\/augenaerzte-baum-clausen.de\/?page_id=71","title":{"rendered":"Weg und Ziel"},"content":{"rendered":"<p><img loading=\"lazy\" decoding=\"async\" class=\"aligncenter wp-image-261 size-large\" src=\"http:\/\/augenaerzte-baum-clausen.de\/wp-content\/uploads\/2016\/09\/ADS_8290_web-1024x775.jpg\" alt=\"ads_8290_web\" width=\"1024\" height=\"775\" srcset=\"https:\/\/augenaerzte-baum-clausen.de\/wp-content\/uploads\/2016\/09\/ADS_8290_web-1024x775.jpg 1024w, https:\/\/augenaerzte-baum-clausen.de\/wp-content\/uploads\/2016\/09\/ADS_8290_web-300x227.jpg 300w, https:\/\/augenaerzte-baum-clausen.de\/wp-content\/uploads\/2016\/09\/ADS_8290_web-768x582.jpg 768w, https:\/\/augenaerzte-baum-clausen.de\/wp-content\/uploads\/2016\/09\/ADS_8290_web-1440x1091.jpg 1440w\" sizes=\"auto, (max-width: 1024px) 100vw, 1024px\" \/><\/p>\n<p>&nbsp;<\/p>\n<p><iframe loading=\"lazy\" style=\"border: 0;\" src=\"https:\/\/www.google.com\/maps\/embed?pb=!1m18!1m12!1m3!1d2512.5152910451134!2d11.013098316316382!3d50.96966535769656!2m3!1f0!2f0!3f0!3m2!1i1024!2i768!4f13.1!3m3!1m2!1s0x47a472edc10fa423%3A0x63f089e70e336ed6!2sBr%C3%BChlerwallstra%C3%9Fe+4%2C+99084+Erfurt!5e0!3m2!1sde!2sde!4v1473445924218\" width=\"800\" height=\"550\" frameborder=\"0\" allowfullscreen=\"allowfullscreen\"><\/iframe><\/p>\n<p><strong>Anfahrt mit \u00f6ffentlichen Verkehrsmitteln:<\/strong> Stra\u00dfenbahn Linien 2 und 4 (Haltestelle Sparkassen-Finanzzentrum), Bus Linie 51 (Haltestelle Stra\u00dfe-des-Friedens)<\/p>\n<p><strong>Anfahrt mit dem Auto:<\/strong> eingeschr\u00e4nkte Parkm\u00f6glichkeiten vor dem \u00c4rztehaus, in der N\u00e4he\u00a0&#8211;\u00a0Parkhaus des Sparkassen-Finanzzentrums (Bonifaciusstra\u00dfe)<\/p>\n","protected":false},"excerpt":{"rendered":"<p>&nbsp; Anfahrt mit \u00f6ffentlichen Verkehrsmitteln: Stra\u00dfenbahn Linien 2 und 4 (Haltestelle Sparkassen-Finanzzentrum), Bus Linie 51 (Haltestelle Stra\u00dfe-des-Friedens) Anfahrt mit dem Auto: eingeschr\u00e4nkte Parkm\u00f6glichkeiten vor dem \u00c4rztehaus, in der N\u00e4he\u00a0&#8211;\u00a0Parkhaus des Sparkassen-Finanzzentrums (Bonifaciusstra\u00dfe)<\/p>\n","protected":false},"author":1,"featured_media":0,"parent":0,"menu_order":0,"comment_status":"closed","ping_status":"closed","template":"","meta":{"footnotes":""},"class_list":["post-71","page","type-page","status-publish","hentry"],"_links":{"self":[{"href":"https:\/\/augenaerzte-baum-clausen.de\/index.php?rest_route=\/wp\/v2\/pages\/71","targetHints":{"allow":["GET"]}}],"collection":[{"href":"https:\/\/augenaerzte-baum-clausen.de\/index.php?rest_route=\/wp\/v2\/pages"}],"about":[{"href":"https:\/\/augenaerzte-baum-clausen.de\/index.php?rest_route=\/wp\/v2\/types\/page"}],"author":[{"embeddable":true,"href":"https:\/\/augenaerzte-baum-clausen.de\/index.php?rest_route=\/wp\/v2\/users\/1"}],"replies":[{"embeddable":true,"href":"https:\/\/augenaerzte-baum-clausen.de\/index.php?rest_route=%2Fwp%2Fv2%2Fcomments&post=71"}],"version-history":[{"count":16,"href":"https:\/\/augenaerzte-baum-clausen.de\/index.php?rest_route=\/wp\/v2\/pages\/71\/revisions"}],"predecessor-version":[{"id":269,"href":"https:\/\/augenaerzte-baum-clausen.de\/index.php?rest_route=\/wp\/v2\/pages\/71\/revisions\/269"}],"wp:attachment":[{"href":"https:\/\/augenaerzte-baum-clausen.de\/index.php?rest_route=%2Fwp%2Fv2%2Fmedia&parent=71"}],"curies":[{"name":"wp","href":"https:\/\/api.w.org\/{rel}","templated":true}]}}