{"id":2,"date":"2016-02-03T04:08:41","date_gmt":"2016-02-03T04:08:41","guid":{"rendered":"http:\/\/wp442m.a10-52-158-154.qa.plesk.ru\/wordpress\/?page_id=2"},"modified":"2026-04-23T12:47:14","modified_gmt":"2026-04-23T11:47:14","slug":"sample-page","status":"publish","type":"page","link":"https:\/\/augenaerzte-baum-clausen.de\/","title":{"rendered":"Augen\u00e4rztliche Gemeinschaftspraxis"},"content":{"rendered":"<p class=\"spruch text\" style=\"text-align: center;\"><span style=\"color: #808080;\"><em>Das Auge ist der Punkt, in welchem Seele und K\u00f6rper sich vermischen. <\/em><\/span><\/p>\n<p class=\"spruch text\" style=\"text-align: center;\"><span style=\"color: #808080;\"><em>Christian Friedrich Hebbel<\/em><\/span><\/p>\n<h1 class=\"spruch text\" style=\"text-align: center;\"><\/h1>\n<p class=\"spruch text\" style=\"text-align: left;\">Herzlich willkommen auf der Internetseite der Fach\u00e4rztinnen f\u00fcr Augenheilkunde\u00a0Andrea Baum und Dr. Ina Clausen.<\/p>\n<p class=\"spruch text\" style=\"text-align: left;\">Unsere Praxis befindet sich in der Br\u00fchlerwallstra\u00dfe 4 im\u00a0Herzen Erfurts.<\/p>\n<p class=\"spruch text\" style=\"text-align: left;\">Hier stehen wir Ihnen f\u00fcr alle medizinischen Fragen rund um das Auge zur Seite.<\/p>\n<p>&nbsp;<\/p>\n<div>\n<p><strong>In augen\u00e4rztlichen Notf\u00e4llen au\u00dferhalb der Sprechzeiten sowie an Br\u00fccken- und Feiertagen kontaktieren Sie bitte den organisierten kassen\u00e4rztlichen Notdienst unter 116 117<\/strong><\/p>\n<\/div>\n<div>Mo, Di, Do ab 18 Uhr<strong><br \/>\n<\/strong>Mi und Fr ab 13 Uhr<strong><br \/>\n<\/strong>Am Wochenende ganztags<\/div>\n","protected":false},"excerpt":{"rendered":"<p>Das Auge ist der Punkt, in welchem Seele und K\u00f6rper sich vermischen. Christian Friedrich Hebbel Herzlich willkommen auf der Internetseite der Fach\u00e4rztinnen f\u00fcr Augenheilkunde\u00a0Andrea Baum und Dr. Ina Clausen. Unsere Praxis befindet sich in der Br\u00fchlerwallstra\u00dfe 4 im\u00a0Herzen Erfurts. Hier stehen wir Ihnen f\u00fcr alle medizinischen Fragen rund um das &hellip;<\/p>\n","protected":false},"author":1,"featured_media":265,"parent":0,"menu_order":0,"comment_status":"closed","ping_status":"closed","template":"","meta":{"footnotes":""},"class_list":["post-2","page","type-page","status-publish","has-post-thumbnail","hentry"],"_links":{"self":[{"href":"https:\/\/augenaerzte-baum-clausen.de\/index.php?rest_route=\/wp\/v2\/pages\/2","targetHints":{"allow":["GET"]}}],"collection":[{"href":"https:\/\/augenaerzte-baum-clausen.de\/index.php?rest_route=\/wp\/v2\/pages"}],"about":[{"href":"https:\/\/augenaerzte-baum-clausen.de\/index.php?rest_route=\/wp\/v2\/types\/page"}],"author":[{"embeddable":true,"href":"https:\/\/augenaerzte-baum-clausen.de\/index.php?rest_route=\/wp\/v2\/users\/1"}],"replies":[{"embeddable":true,"href":"https:\/\/augenaerzte-baum-clausen.de\/index.php?rest_route=%2Fwp%2Fv2%2Fcomments&post=2"}],"version-history":[{"count":128,"href":"https:\/\/augenaerzte-baum-clausen.de\/index.php?rest_route=\/wp\/v2\/pages\/2\/revisions"}],"predecessor-version":[{"id":516,"href":"https:\/\/augenaerzte-baum-clausen.de\/index.php?rest_route=\/wp\/v2\/pages\/2\/revisions\/516"}],"wp:featuredmedia":[{"embeddable":true,"href":"https:\/\/augenaerzte-baum-clausen.de\/index.php?rest_route=\/wp\/v2\/media\/265"}],"wp:attachment":[{"href":"https:\/\/augenaerzte-baum-clausen.de\/index.php?rest_route=%2Fwp%2Fv2%2Fmedia&parent=2"}],"curies":[{"name":"wp","href":"https:\/\/api.w.org\/{rel}","templated":true}]}}