{"id":110,"date":"2016-09-12T19:42:04","date_gmt":"2016-09-12T19:42:04","guid":{"rendered":"http:\/\/augenaerzte-baum-clausen.de\/?page_id=110"},"modified":"2016-11-02T10:26:52","modified_gmt":"2016-11-02T10:26:52","slug":"dr-ina-clausen","status":"publish","type":"page","link":"https:\/\/augenaerzte-baum-clausen.de\/?page_id=110","title":{"rendered":"Fach\u00e4rztin Dr. Ina Clausen"},"content":{"rendered":"<p><img loading=\"lazy\" decoding=\"async\" class=\"aligncenter wp-image-274 size-large\" src=\"http:\/\/augenaerzte-baum-clausen.de\/wp-content\/uploads\/2016\/09\/Ina_Web-1024x676.jpg\" alt=\"ina_web\" width=\"1024\" height=\"676\" srcset=\"https:\/\/augenaerzte-baum-clausen.de\/wp-content\/uploads\/2016\/09\/Ina_Web-1024x676.jpg 1024w, https:\/\/augenaerzte-baum-clausen.de\/wp-content\/uploads\/2016\/09\/Ina_Web-300x198.jpg 300w, https:\/\/augenaerzte-baum-clausen.de\/wp-content\/uploads\/2016\/09\/Ina_Web-768x507.jpg 768w, https:\/\/augenaerzte-baum-clausen.de\/wp-content\/uploads\/2016\/09\/Ina_Web-1440x951.jpg 1440w\" sizes=\"auto, (max-width: 1024px) 100vw, 1024px\" \/><\/p>\n<h4><\/h4>\n<ul>\n<li>Studium der Humanmedizin an der Martin-Luther-Universit\u00e4t Halle Wittenberg<\/li>\n<li>Promotionsstipendium der Deutschen Forschungsgemeinschaft f\u00fcr eine Promotion am Institut f\u00fcr Anatomie und Zellbiologie in Halle<\/li>\n<li>Verleihung des Titels Doctor medicinae im Jahr 2005<\/li>\n<li>Facharztausbildung an der Universit\u00e4tsaugenklinik in Halle und der HELIOS Augenklinik in Erfurt, Facharztanerkennung im Jahr 2012<\/li>\n<li>Gemeinschaftspraxis zusammen mit Frau Andrea Baum seit 2013<\/li>\n<\/ul>\n","protected":false},"excerpt":{"rendered":"<p>Studium der Humanmedizin an der Martin-Luther-Universit\u00e4t Halle Wittenberg Promotionsstipendium der Deutschen Forschungsgemeinschaft f\u00fcr eine Promotion am Institut f\u00fcr Anatomie und Zellbiologie in Halle Verleihung des Titels Doctor medicinae im Jahr 2005 Facharztausbildung an der Universit\u00e4tsaugenklinik in Halle und der HELIOS Augenklinik in Erfurt, Facharztanerkennung im Jahr 2012 Gemeinschaftspraxis zusammen mit &hellip;<\/p>\n","protected":false},"author":1,"featured_media":0,"parent":0,"menu_order":0,"comment_status":"closed","ping_status":"closed","template":"","meta":{"footnotes":""},"class_list":["post-110","page","type-page","status-publish","hentry"],"_links":{"self":[{"href":"https:\/\/augenaerzte-baum-clausen.de\/index.php?rest_route=\/wp\/v2\/pages\/110","targetHints":{"allow":["GET"]}}],"collection":[{"href":"https:\/\/augenaerzte-baum-clausen.de\/index.php?rest_route=\/wp\/v2\/pages"}],"about":[{"href":"https:\/\/augenaerzte-baum-clausen.de\/index.php?rest_route=\/wp\/v2\/types\/page"}],"author":[{"embeddable":true,"href":"https:\/\/augenaerzte-baum-clausen.de\/index.php?rest_route=\/wp\/v2\/users\/1"}],"replies":[{"embeddable":true,"href":"https:\/\/augenaerzte-baum-clausen.de\/index.php?rest_route=%2Fwp%2Fv2%2Fcomments&post=110"}],"version-history":[{"count":8,"href":"https:\/\/augenaerzte-baum-clausen.de\/index.php?rest_route=\/wp\/v2\/pages\/110\/revisions"}],"predecessor-version":[{"id":281,"href":"https:\/\/augenaerzte-baum-clausen.de\/index.php?rest_route=\/wp\/v2\/pages\/110\/revisions\/281"}],"wp:attachment":[{"href":"https:\/\/augenaerzte-baum-clausen.de\/index.php?rest_route=%2Fwp%2Fv2%2Fmedia&parent=110"}],"curies":[{"name":"wp","href":"https:\/\/api.w.org\/{rel}","templated":true}]}}